{"id":33,"date":"2023-06-16T07:25:59","date_gmt":"2023-06-16T07:25:59","guid":{"rendered":"https:\/\/www.oxotea.sk\/?page_id=33"},"modified":"2023-06-16T07:57:12","modified_gmt":"2023-06-16T07:57:12","slug":"brite","status":"publish","type":"page","link":"https:\/\/www.oxotea.sk\/","title":{"rendered":"Front Page"},"content":{"rendered":"<div data-colibri-id=\"33-c1\" class=\"style-186 style-local-33-c1 position-relative\">\n  <!---->\n  <div data-colibri-component=\"section\" data-colibri-id=\"33-c2\" id=\"overlappable\" class=\"h-section h-section-global-spacing d-flex align-items-lg-center align-items-md-center align-items-center style-187 style-local-33-c2 position-relative\">\n    <!---->\n    <!---->\n    <div class=\"h-section-grid-container h-section-boxed-container\">\n      <!---->\n      <div data-colibri-id=\"33-c3\" class=\"h-row-container gutters-row-lg-0 gutters-row-md-0 gutters-row-2 gutters-row-v-lg-0 gutters-row-v-md-0 gutters-row-v-2 style-188 style-local-33-c3 position-relative\">\n        <!---->\n        <div class=\"h-row justify-content-lg-center justify-content-md-center justify-content-center align-items-lg-stretch align-items-md-stretch align-items-stretch gutters-col-lg-0 gutters-col-md-0 gutters-col-2 gutters-col-v-lg-0 gutters-col-v-md-0 gutters-col-v-2\">\n          <!---->\n          <div class=\"h-column h-column-container d-flex h-col-lg-auto h-col-md-auto h-col-auto style-189-outer style-local-33-c4-outer\">\n            <div data-colibri-id=\"33-c4\" class=\"d-flex h-flex-basis h-column__inner h-px-lg-0 h-px-md-0 h-px-0 v-inner-lg-0 v-inner-md-0 v-inner-0 style-189 style-local-33-c4 h-overflow-hidden position-relative\">\n              <!---->\n              <!---->\n              <div class=\"w-100 h-y-container h-column__content h-column__v-align flex-basis-100 align-self-lg-start align-self-md-start align-self-start\">\n                <!---->\n                <div data-colibri-id=\"33-c5\" class=\"h-row-container gutters-row-lg-0 gutters-row-md-0 gutters-row-0 gutters-row-v-lg-0 gutters-row-v-md-0 gutters-row-v-0 style-190 style-local-33-c5 position-relative\">\n                  <!---->\n                  <div class=\"h-row justify-content-lg-center justify-content-md-center justify-content-center align-items-lg-stretch align-items-md-stretch align-items-stretch gutters-col-lg-0 gutters-col-md-0 gutters-col-0 gutters-col-v-lg-0 gutters-col-v-md-0 gutters-col-v-0\">\n                    <!---->\n                    <div class=\"h-column h-column-container d-flex h-col-lg-4 h-col-md-6 h-col-12 style-191-outer style-local-33-c6-outer\">\n                      <div data-colibri-id=\"33-c6\" class=\"d-flex h-flex-basis h-column__inner h-px-lg-3 h-px-md-3 h-px-3 v-inner-lg-3 v-inner-md-3 v-inner-3 style-191 style-local-33-c6 position-relative\">\n                        <!---->\n                        <!---->\n                        <div class=\"w-100 h-y-container h-column__content h-column__v-align flex-basis-100 align-self-lg-start align-self-md-start align-self-start\">\n                          <!---->\n                          <div data-colibri-id=\"33-c7\" class=\"d-block style-324 style-local-33-c7 position-relative h-element\">\n                            <!---->\n                            <div class=\"h-image__frame-container-outer\">\n                              <div class=\"h-image__frame-container\">\n                                <!---->\n                                <!---->\n                                <img loading=\"lazy\" decoding=\"async\" width=\"500\" height=\"500\" src=\"http:\/\/www.oxotea.sk\/wp-content\/uploads\/2023\/06\/redlogo.png\" class=\"wp-image-54 style-324-image style-local-33-c7-image\" alt=\"\" srcset=\"https:\/\/www.oxotea.sk\/wp-content\/uploads\/2023\/06\/redlogo.png 500w, https:\/\/www.oxotea.sk\/wp-content\/uploads\/2023\/06\/redlogo-300x300.png 300w, https:\/\/www.oxotea.sk\/wp-content\/uploads\/2023\/06\/redlogo-150x150.png 150w\" sizes=\"auto, (max-width: 500px) 100vw, 500px\" \/>\n                                <div class=\"h-image__frame h-hide-lg h-hide-md h-hide-sm style-324-frameImage style-local-33-c7-frameImage\"><\/div>\n                              <\/div>\n                            <\/div>\n                          <\/div>\n                          <div data-colibri-id=\"33-c8\" class=\"h-text h-text-component style-194 style-local-33-c8 position-relative h-element\">\n                            <!---->\n                            <!---->\n                            <div class=\"\">\n                              <p>Inform\u00e1cie a port\u00e1l pre z\u00e1kaznikov OXORED<\/p>\n                            <\/div>\n                          <\/div>\n                          <div data-colibri-id=\"33-c9\" class=\"h-x-container style-195 style-local-33-c9 position-relative h-element\">\n                            <!---->\n                            <div class=\"h-x-container-inner style-dynamic-33-c9-group style-195-spacing style-local-33-c9-spacing\"><span class=\"h-button__outer style-196-outer style-local-33-c10-outer d-inline-flex h-element\"><a h-use-smooth-scroll=\"true\" href=\"https:\/\/oxored.sk\"  data-colibri-id=\"33-c10\" class=\"d-flex w-100 align-items-center h-button justify-content-lg-center justify-content-md-center justify-content-center style-196 style-local-33-c10 position-relative\"><!----><!----> <span>OXORED.SK<\/span><\/a>\n                              <\/span>\n                            <\/div>\n                          <\/div>\n                        <\/div>\n                      <\/div>\n                    <\/div>\n                    <div class=\"h-column h-column-container d-flex h-col-lg-4 h-col-md-6 h-col-12 style-191-outer style-local-33-c11-outer\">\n                      <div data-colibri-id=\"33-c11\" class=\"d-flex h-flex-basis h-column__inner h-px-lg-3 h-px-md-3 h-px-3 v-inner-lg-3 v-inner-md-3 v-inner-3 style-191 style-local-33-c11 position-relative\">\n                        <!---->\n                        <!---->\n                        <div class=\"w-100 h-y-container h-column__content h-column__v-align flex-basis-100 align-self-lg-start align-self-md-start align-self-start\">\n                          <!---->\n                          <div data-colibri-id=\"33-c12\" class=\"d-block style-325 style-local-33-c12 position-relative h-element\">\n                            <!---->\n                            <div class=\"h-image__frame-container-outer\">\n                              <div class=\"h-image__frame-container\">\n                                <!---->\n                                <!---->\n                                <img loading=\"lazy\" decoding=\"async\" width=\"500\" height=\"500\" src=\"http:\/\/www.oxotea.sk\/wp-content\/uploads\/2023\/06\/oxologo.png\" class=\"wp-image-56 style-325-image style-local-33-c12-image\" alt=\"\" srcset=\"https:\/\/www.oxotea.sk\/wp-content\/uploads\/2023\/06\/oxologo.png 500w, https:\/\/www.oxotea.sk\/wp-content\/uploads\/2023\/06\/oxologo-300x300.png 300w, https:\/\/www.oxotea.sk\/wp-content\/uploads\/2023\/06\/oxologo-150x150.png 150w\" sizes=\"auto, (max-width: 500px) 100vw, 500px\" \/>\n                                <div class=\"h-image__frame h-hide-lg h-hide-md h-hide-sm style-325-frameImage style-local-33-c12-frameImage\"><\/div>\n                              <\/div>\n                            <\/div>\n                          <\/div>\n                          <div data-colibri-id=\"33-c13\" class=\"h-text h-text-component style-194 style-local-33-c13 position-relative h-element\">\n                            <!---->\n                            <!---->\n                            <div class=\"\">\n                              <p>Inform\u00e1cie o kar\u00edere a fran\u0161\u00edzach<\/p>\n                            <\/div>\n                          <\/div>\n                          <div data-colibri-id=\"33-c14\" class=\"h-x-container style-195 style-local-33-c14 position-relative h-element\">\n                            <!---->\n                            <div class=\"h-x-container-inner style-dynamic-33-c14-group style-195-spacing style-local-33-c14-spacing\"><span class=\"h-button__outer style-198-outer style-local-33-c15-outer d-inline-flex h-element\"><a h-use-smooth-scroll=\"true\" href=\"https:\/\/oxotea.sk\"  data-colibri-id=\"33-c15\" class=\"d-flex w-100 align-items-center h-button justify-content-lg-center justify-content-md-center justify-content-center style-198 style-local-33-c15 position-relative\"><!----><!----> <span>OXOTEA.SK<\/span><\/a>\n                              <\/span>\n                            <\/div>\n                          <\/div>\n                        <\/div>\n                      <\/div>\n                    <\/div>\n                    <div class=\"h-column h-column-container d-flex h-col-lg-4 h-col-md-6 h-col-12 style-191-outer style-local-33-c16-outer\">\n                      <div data-colibri-id=\"33-c16\" class=\"d-flex h-flex-basis h-column__inner h-px-lg-3 h-px-md-3 h-px-3 v-inner-lg-3 v-inner-md-3 v-inner-3 style-191 style-local-33-c16 position-relative\">\n                        <!---->\n                        <!---->\n                        <div class=\"w-100 h-y-container h-column__content h-column__v-align flex-basis-100 align-self-lg-start align-self-md-start align-self-start\">\n                          <!---->\n                          <div data-colibri-id=\"33-c17\" class=\"d-block style-326 style-local-33-c17 position-relative h-element\">\n                            <!---->\n                            <div class=\"h-image__frame-container-outer\">\n                              <div class=\"h-image__frame-container\">\n                                <!---->\n                                <!---->\n                                <img loading=\"lazy\" decoding=\"async\" width=\"500\" height=\"500\" src=\"http:\/\/www.oxotea.sk\/wp-content\/uploads\/2023\/06\/oxoshop.png\" class=\"wp-image-55 style-326-image style-local-33-c17-image\" alt=\"\" srcset=\"https:\/\/www.oxotea.sk\/wp-content\/uploads\/2023\/06\/oxoshop.png 500w, https:\/\/www.oxotea.sk\/wp-content\/uploads\/2023\/06\/oxoshop-300x300.png 300w, https:\/\/www.oxotea.sk\/wp-content\/uploads\/2023\/06\/oxoshop-150x150.png 150w\" sizes=\"auto, (max-width: 500px) 100vw, 500px\" \/>\n                                <div class=\"h-image__frame h-hide-lg h-hide-md h-hide-sm style-326-frameImage style-local-33-c17-frameImage\"><\/div>\n                              <\/div>\n                            <\/div>\n                          <\/div>\n                          <div data-colibri-id=\"33-c18\" class=\"h-text h-text-component style-194 style-local-33-c18 position-relative h-element\">\n                            <!---->\n                            <!---->\n                            <div class=\"\">\n                              <p>Internetov\u00fd obchod s produktami OXOTEA<\/p>\n                            <\/div>\n                          <\/div>\n                          <div data-colibri-id=\"33-c19\" class=\"h-x-container style-195 style-local-33-c19 position-relative h-element\">\n                            <!---->\n                            <div class=\"h-x-container-inner style-dynamic-33-c19-group style-195-spacing style-local-33-c19-spacing\"><span class=\"h-button__outer style-200-outer style-local-33-c20-outer d-inline-flex h-element\"><a h-use-smooth-scroll=\"true\" href=\"https:\/\/oxoshop.sk\"  data-colibri-id=\"33-c20\" class=\"d-flex w-100 align-items-center h-button justify-content-lg-center justify-content-md-center justify-content-center style-200 style-local-33-c20 position-relative\"><!----><!----> <span>OXOSHOP.SK<\/span><\/a>\n                              <\/span>\n                            <\/div>\n                          <\/div>\n                        <\/div>\n                      <\/div>\n                    <\/div>\n                  <\/div>\n                <\/div>\n              <\/div>\n            <\/div>\n          <\/div>\n        <\/div>\n      <\/div>\n    <\/div>\n  <\/div>\n<\/div>","protected":false},"excerpt":{"rendered":"<p>Inform\u00e1cie a port\u00e1l pre z\u00e1kaznikov OXORED OXORED.SK Inform\u00e1cie o kar\u00edere a fran\u0161\u00edzach OXOTEA.SK Internetov\u00fd obchod s produktami OXOTEA OXOSHOP.SK<\/p>\n","protected":false},"author":1,"featured_media":0,"parent":0,"menu_order":0,"comment_status":"closed","ping_status":"closed","template":"page-templates\/homepage.php","meta":{"footnotes":""},"class_list":["post-33","page","type-page","status-publish","hentry"],"_links":{"self":[{"href":"https:\/\/www.oxotea.sk\/index.php?rest_route=\/wp\/v2\/pages\/33","targetHints":{"allow":["GET"]}}],"collection":[{"href":"https:\/\/www.oxotea.sk\/index.php?rest_route=\/wp\/v2\/pages"}],"about":[{"href":"https:\/\/www.oxotea.sk\/index.php?rest_route=\/wp\/v2\/types\/page"}],"author":[{"embeddable":true,"href":"https:\/\/www.oxotea.sk\/index.php?rest_route=\/wp\/v2\/users\/1"}],"replies":[{"embeddable":true,"href":"https:\/\/www.oxotea.sk\/index.php?rest_route=%2Fwp%2Fv2%2Fcomments&post=33"}],"version-history":[{"count":5,"href":"https:\/\/www.oxotea.sk\/index.php?rest_route=\/wp\/v2\/pages\/33\/revisions"}],"predecessor-version":[{"id":86,"href":"https:\/\/www.oxotea.sk\/index.php?rest_route=\/wp\/v2\/pages\/33\/revisions\/86"}],"wp:attachment":[{"href":"https:\/\/www.oxotea.sk\/index.php?rest_route=%2Fwp%2Fv2%2Fmedia&parent=33"}],"curies":[{"name":"wp","href":"https:\/\/api.w.org\/{rel}","templated":true}]}}